{"id":15,"date":"2021-06-12T06:28:22","date_gmt":"2021-06-12T06:28:22","guid":{"rendered":"https:\/\/eviz.host25.com\/index.php\/projects\/"},"modified":"2023-08-13T09:48:25","modified_gmt":"2023-08-13T09:48:25","slug":"servis","status":"publish","type":"page","link":"https:\/\/eviz.host25.com\/index.php\/servis\/","title":{"rendered":"SERVIS"},"content":{"rendered":"\t\t<div data-elementor-type=\"wp-page\" data-elementor-id=\"15\" class=\"elementor elementor-15\">\n\t\t\t\t\t\t\t\t\t<section class=\"elementor-section elementor-top-section elementor-element elementor-element-4be2d45 elementor-section-boxed elementor-section-height-default elementor-section-height-default\" data-id=\"4be2d45\" data-element_type=\"section\" data-settings=\"{&quot;background_background&quot;:&quot;classic&quot;}\">\n\t\t\t\t\t\t\t<div class=\"elementor-background-overlay\"><\/div>\n\t\t\t\t\t\t\t<div class=\"elementor-container elementor-column-gap-no\">\n\t\t\t\t\t<div class=\"elementor-column elementor-col-100 elementor-top-column elementor-element elementor-element-a085dea\" data-id=\"a085dea\" data-element_type=\"column\">\n\t\t\t<div class=\"elementor-widget-wrap elementor-element-populated\">\n\t\t\t\t\t\t\t\t<div class=\"elementor-element elementor-element-cc435a4 elementor-widget elementor-widget-heading\" data-id=\"cc435a4\" data-element_type=\"widget\" data-widget_type=\"heading.default\">\n\t\t\t\t<div class=\"elementor-widget-container\">\n\t\t\t<style>\/*! elementor - v3.16.0 - 14-09-2023 *\/\n.elementor-heading-title{padding:0;margin:0;line-height:1}.elementor-widget-heading .elementor-heading-title[class*=elementor-size-]>a{color:inherit;font-size:inherit;line-height:inherit}.elementor-widget-heading .elementor-heading-title.elementor-size-small{font-size:15px}.elementor-widget-heading .elementor-heading-title.elementor-size-medium{font-size:19px}.elementor-widget-heading .elementor-heading-title.elementor-size-large{font-size:29px}.elementor-widget-heading .elementor-heading-title.elementor-size-xl{font-size:39px}.elementor-widget-heading .elementor-heading-title.elementor-size-xxl{font-size:59px}<\/style><h1 class=\"elementor-heading-title elementor-size-default\">Servis<\/h1>\t\t<\/div>\n\t\t\t\t<\/div>\n\t\t\t\t\t<\/div>\n\t\t<\/div>\n\t\t\t\t\t\t\t<\/div>\n\t\t<\/section>\n\t\t\t\t<section class=\"elementor-section elementor-top-section elementor-element elementor-element-69c93b8 elementor-section-boxed elementor-section-height-default elementor-section-height-default\" data-id=\"69c93b8\" data-element_type=\"section\" data-settings=\"{&quot;background_background&quot;:&quot;classic&quot;}\">\n\t\t\t\t\t\t\t<div class=\"elementor-background-overlay\"><\/div>\n\t\t\t\t\t\t\t<div class=\"elementor-container elementor-column-gap-no\">\n\t\t\t\t\t<div class=\"elementor-column elementor-col-100 elementor-top-column elementor-element elementor-element-e997743\" data-id=\"e997743\" data-element_type=\"column\">\n\t\t\t<div class=\"elementor-widget-wrap elementor-element-populated\">\n\t\t\t\t\t\t\t\t<div class=\"elementor-element elementor-element-5e3dd3b elementor-widget elementor-widget-heading\" data-id=\"5e3dd3b\" data-element_type=\"widget\" data-widget_type=\"heading.default\">\n\t\t\t\t<div class=\"elementor-widget-container\">\n\t\t\t<h6 class=\"elementor-heading-title elementor-size-default\">Dodatne usluge<\/h6>\t\t<\/div>\n\t\t\t\t<\/div>\n\t\t\t\t<div class=\"elementor-element elementor-element-2310392 elementor-widget elementor-widget-heading\" data-id=\"2310392\" data-element_type=\"widget\" data-widget_type=\"heading.default\">\n\t\t\t\t<div class=\"elementor-widget-container\">\n\t\t\t<h2 class=\"elementor-heading-title elementor-size-default\">Servisi i rezervni dijelovi<\/h2>\t\t<\/div>\n\t\t\t\t<\/div>\n\t\t\t\t<div class=\"elementor-element elementor-element-06cb42f elementor-widget elementor-widget-spacer\" data-id=\"06cb42f\" data-element_type=\"widget\" data-widget_type=\"spacer.default\">\n\t\t\t\t<div class=\"elementor-widget-container\">\n\t\t\t<style>\/*! elementor - v3.16.0 - 14-09-2023 *\/\n.elementor-column .elementor-spacer-inner{height:var(--spacer-size)}.e-con{--container-widget-width:100%}.e-con-inner>.elementor-widget-spacer,.e-con>.elementor-widget-spacer{width:var(--container-widget-width,var(--spacer-size));--align-self:var(--container-widget-align-self,initial);--flex-shrink:0}.e-con-inner>.elementor-widget-spacer>.elementor-widget-container,.e-con>.elementor-widget-spacer>.elementor-widget-container{height:100%;width:100%}.e-con-inner>.elementor-widget-spacer>.elementor-widget-container>.elementor-spacer,.e-con>.elementor-widget-spacer>.elementor-widget-container>.elementor-spacer{height:100%}.e-con-inner>.elementor-widget-spacer>.elementor-widget-container>.elementor-spacer>.elementor-spacer-inner,.e-con>.elementor-widget-spacer>.elementor-widget-container>.elementor-spacer>.elementor-spacer-inner{height:var(--container-widget-height,var(--spacer-size))}.e-con-inner>.elementor-widget-spacer.elementor-widget-empty,.e-con>.elementor-widget-spacer.elementor-widget-empty{position:relative;min-height:22px;min-width:22px}.e-con-inner>.elementor-widget-spacer.elementor-widget-empty .elementor-widget-empty-icon,.e-con>.elementor-widget-spacer.elementor-widget-empty .elementor-widget-empty-icon{position:absolute;top:0;bottom:0;left:0;right:0;margin:auto;padding:0;width:22px;height:22px}<\/style>\t\t<div class=\"elementor-spacer\">\n\t\t\t<div class=\"elementor-spacer-inner\"><\/div>\n\t\t<\/div>\n\t\t\t\t<\/div>\n\t\t\t\t<\/div>\n\t\t\t\t<div class=\"elementor-element elementor-element-f2517bf elementor-widget elementor-widget-text-editor\" data-id=\"f2517bf\" data-element_type=\"widget\" data-widget_type=\"text-editor.default\">\n\t\t\t\t<div class=\"elementor-widget-container\">\n\t\t\t<style>\/*! elementor - v3.16.0 - 14-09-2023 *\/\n.elementor-widget-text-editor.elementor-drop-cap-view-stacked .elementor-drop-cap{background-color:#69727d;color:#fff}.elementor-widget-text-editor.elementor-drop-cap-view-framed .elementor-drop-cap{color:#69727d;border:3px solid;background-color:transparent}.elementor-widget-text-editor:not(.elementor-drop-cap-view-default) .elementor-drop-cap{margin-top:8px}.elementor-widget-text-editor:not(.elementor-drop-cap-view-default) .elementor-drop-cap-letter{width:1em;height:1em}.elementor-widget-text-editor .elementor-drop-cap{float:left;text-align:center;line-height:1;font-size:50px}.elementor-widget-text-editor .elementor-drop-cap-letter{display:inline-block}<\/style>\t\t\t\t<p>U\u010destalost servisiranja strojeva i ure\u0111aja ovisi o mnogim \u010dimbenicima: vrsti i kvaliteti opreme, na\u010dinu i uvjetima kori\u0161tenja, obu\u010denosti rukovaoca, kvaliteti preventivnog i redovnog odr\u017eavanja, kvaliteti i dostupnosti zamjenskih dijelova i o dosta drugih faktora. Evidentno je da oprema istog proizvo\u0111a\u010da i iste kvalitete vr\u0161i svoju funkciju du\u017ee i kvalitetnije u sredinama gdje su educiranost rukovaoca i sustav odr\u017eavanja na vi\u0161oj razini.<\/p>\t\t\t\t\t\t<\/div>\n\t\t\t\t<\/div>\n\t\t\t\t<div class=\"elementor-element elementor-element-8ab5c4a elementor-widget elementor-widget-text-editor\" data-id=\"8ab5c4a\" data-element_type=\"widget\" data-widget_type=\"text-editor.default\">\n\t\t\t\t<div class=\"elementor-widget-container\">\n\t\t\t\t\t\t\t<p>Na\u0161a iskustva u odr\u017eavanju i servisiranju opreme koju prodajemo to potvr\u0111uju. U uputama svih proizvo\u0111a\u010da nagla\u0161ena je pa\u017enja u rukovanju i savjesno postupanje sa opremom nakon upotrebe kako bi nam ona mogla kvalitetno slu\u017eiti u slijede\u0107em radnom zadatku. To \u010desto nije slu\u010daj posebno u graditeljstvu gdje se \u010desto radi izvan zacrtanog radnog vremena, u te\u0161kim uvjetima, sa neadekvatnim mjestima za odlaganje i skladi\u0161tenje opreme. Osim servisiranja opreme koju prodajemo nudimo i rezervne dijelove za druge servise te za pojedince koji se \u017eele i sami upustiti u avanturu popravaka i za to su osposobljeni.<\/p><p>Bez obzira na razloge i rizike kvarova strojeva trudimo se \u0161to ve\u0107i dio rezervnih dijelova dr\u017eati na skladi\u0161tu za promptnu isporuku. Za dijelove koji nisu na skladi\u0161tu tu je brza dostava kojom se problem isporuke mo\u017ee rije\u0161iti u kratkom vremenu.<\/p>\t\t\t\t\t\t<\/div>\n\t\t\t\t<\/div>\n\t\t\t\t<div class=\"elementor-element elementor-element-c620397 elementor-widget elementor-widget-text-editor\" data-id=\"c620397\" data-element_type=\"widget\" data-widget_type=\"text-editor.default\">\n\t\t\t\t<div class=\"elementor-widget-container\">\n\t\t\t\t\t\t\t<p>Strojevi za obradu gra\u0111evinske armature rade u te\u0161kim uvjetima ali to ne smije biti isprika za lo\u0161e ili rijetko odr\u017eavanje. Naprotiv, takvi uvjeti tra\u017ee i dodatnu pa\u017enju: \u010di\u0161\u0107enje od metalne pra\u0161ine nakon zavr\u0161enog dnevnog rada. Metalna pra\u0161ina koja je prisutna u obradi gra\u0111evinske armature mo\u017ee uzrokovati smetnje ili kvarove na elektroni\u010dkim ili elektri\u010dnim ure\u0111ajima i instalacijama. Ve\u0107 samo kratki redoviti pregled stroja od samo nekoliko minuta dnevno mo\u017ee zna\u010dajno produ\u017eiti radni vijek stroja, smanjiti zastoj u proizvodnji i u\u0161tedjeti znatna financijska sredstva za otklanjanje kvarova.<\/p><p>Slikovne primjere kvarova na strojevima pogledajte u galeriji. Vjerujemo da \u0107e vas neke od njih motivirati ili podsjetiti da s vremena na vrijeme &#8220;bacite oko&#8221; na neke od va\u0161ih strojeva.<\/p>\t\t\t\t\t\t<\/div>\n\t\t\t\t<\/div>\n\t\t\t\t\t<\/div>\n\t\t<\/div>\n\t\t\t\t\t\t\t<\/div>\n\t\t<\/section>\n\t\t\t\t<section class=\"elementor-section elementor-top-section elementor-element elementor-element-wk5fjfd elementor-section-content-middle elementor-section-boxed elementor-section-height-default elementor-section-height-default\" data-id=\"wk5fjfd\" data-element_type=\"section\" data-settings=\"{&quot;background_background&quot;:&quot;classic&quot;}\">\n\t\t\t\t\t\t<div class=\"elementor-container elementor-column-gap-no\">\n\t\t\t\t\t<div class=\"elementor-column elementor-col-100 elementor-top-column elementor-element elementor-element-50132724\" data-id=\"50132724\" data-element_type=\"column\">\n\t\t\t<div class=\"elementor-widget-wrap elementor-element-populated\">\n\t\t\t\t\t\t\t\t<div class=\"elementor-element elementor-element-35878f7a elementor-widget elementor-widget-heading\" data-id=\"35878f7a\" data-element_type=\"widget\" data-widget_type=\"heading.default\">\n\t\t\t\t<div class=\"elementor-widget-container\">\n\t\t\t<h2 class=\"elementor-heading-title elementor-size-medium\">Rezervni dijelovi za strojeve i ure\u0111aje iz na\u0161eg prodajnog programa<\/h2>\t\t<\/div>\n\t\t\t\t<\/div>\n\t\t\t\t<section class=\"elementor-section elementor-inner-section elementor-element elementor-element-2d733497 elementor-section-content-middle elementor-section-boxed elementor-section-height-default elementor-section-height-default\" data-id=\"2d733497\" data-element_type=\"section\">\n\t\t\t\t\t\t<div class=\"elementor-container elementor-column-gap-no\">\n\t\t\t\t\t<div class=\"elementor-column elementor-col-33 elementor-inner-column elementor-element elementor-element-429f0d0\" data-id=\"429f0d0\" data-element_type=\"column\">\n\t\t\t<div class=\"elementor-widget-wrap elementor-element-populated\">\n\t\t\t\t\t\t\t\t<div class=\"elementor-element elementor-element-78e8e77 elementor-position-top elementor-widget elementor-widget-image-box\" data-id=\"78e8e77\" data-element_type=\"widget\" data-widget_type=\"image-box.default\">\n\t\t\t\t<div class=\"elementor-widget-container\">\n\t\t\t<style>\/*! elementor - v3.16.0 - 14-09-2023 *\/\n.elementor-widget-image-box .elementor-image-box-content{width:100%}@media (min-width:768px){.elementor-widget-image-box.elementor-position-left .elementor-image-box-wrapper,.elementor-widget-image-box.elementor-position-right .elementor-image-box-wrapper{display:flex}.elementor-widget-image-box.elementor-position-right .elementor-image-box-wrapper{text-align:right;flex-direction:row-reverse}.elementor-widget-image-box.elementor-position-left .elementor-image-box-wrapper{text-align:left;flex-direction:row}.elementor-widget-image-box.elementor-position-top .elementor-image-box-img{margin:auto}.elementor-widget-image-box.elementor-vertical-align-top .elementor-image-box-wrapper{align-items:flex-start}.elementor-widget-image-box.elementor-vertical-align-middle .elementor-image-box-wrapper{align-items:center}.elementor-widget-image-box.elementor-vertical-align-bottom .elementor-image-box-wrapper{align-items:flex-end}}@media (max-width:767px){.elementor-widget-image-box .elementor-image-box-img{margin-left:auto!important;margin-right:auto!important;margin-bottom:15px}}.elementor-widget-image-box .elementor-image-box-img{display:inline-block}.elementor-widget-image-box .elementor-image-box-title a{color:inherit}.elementor-widget-image-box .elementor-image-box-wrapper{text-align:center}.elementor-widget-image-box .elementor-image-box-description{margin:0}<\/style><div class=\"elementor-image-box-wrapper\"><figure class=\"elementor-image-box-img\"><img loading=\"lazy\" decoding=\"async\" width=\"800\" height=\"600\" src=\"https:\/\/eviz.host25.com\/wp-content\/uploads\/2023\/08\/1-2.jpg\" class=\"attachment-full size-full wp-image-1226\" alt=\"Servis gra\u0111evinskog dizala\" srcset=\"https:\/\/eviz.host25.com\/wp-content\/uploads\/2023\/08\/1-2.jpg 800w, https:\/\/eviz.host25.com\/wp-content\/uploads\/2023\/08\/1-2-300x225.jpg 300w, https:\/\/eviz.host25.com\/wp-content\/uploads\/2023\/08\/1-2-768x576.jpg 768w\" sizes=\"auto, (max-width: 800px) 100vw, 800px\" \/><\/figure><div class=\"elementor-image-box-content\"><p class=\"elementor-image-box-description\"><br>\nServis gra\u0111evinskog dizala<\/p><\/div><\/div>\t\t<\/div>\n\t\t\t\t<\/div>\n\t\t\t\t\t<\/div>\n\t\t<\/div>\n\t\t\t\t<div class=\"elementor-column elementor-col-33 elementor-inner-column elementor-element elementor-element-68d9b23\" data-id=\"68d9b23\" data-element_type=\"column\">\n\t\t\t<div class=\"elementor-widget-wrap elementor-element-populated\">\n\t\t\t\t\t\t\t\t<div class=\"elementor-element elementor-element-fcdbd34 elementor-position-top elementor-widget elementor-widget-image-box\" data-id=\"fcdbd34\" data-element_type=\"widget\" data-widget_type=\"image-box.default\">\n\t\t\t\t<div class=\"elementor-widget-container\">\n\t\t\t<div class=\"elementor-image-box-wrapper\"><figure class=\"elementor-image-box-img\"><img loading=\"lazy\" decoding=\"async\" width=\"800\" height=\"600\" src=\"https:\/\/eviz.host25.com\/wp-content\/uploads\/2023\/08\/2.jpg\" class=\"attachment-full size-full wp-image-1227\" alt=\"Servisna intervencija na terenu - stroj za obradu gra\u0111evinske\" srcset=\"https:\/\/eviz.host25.com\/wp-content\/uploads\/2023\/08\/2.jpg 800w, https:\/\/eviz.host25.com\/wp-content\/uploads\/2023\/08\/2-300x225.jpg 300w, https:\/\/eviz.host25.com\/wp-content\/uploads\/2023\/08\/2-768x576.jpg 768w\" sizes=\"auto, (max-width: 800px) 100vw, 800px\" \/><\/figure><div class=\"elementor-image-box-content\"><p class=\"elementor-image-box-description\">Servisna intervencija na terenu - stroj za obradu gra\u0111evinske<\/p><\/div><\/div>\t\t<\/div>\n\t\t\t\t<\/div>\n\t\t\t\t\t<\/div>\n\t\t<\/div>\n\t\t\t\t<div class=\"elementor-column elementor-col-33 elementor-inner-column elementor-element elementor-element-adb8159\" data-id=\"adb8159\" data-element_type=\"column\">\n\t\t\t<div class=\"elementor-widget-wrap elementor-element-populated\">\n\t\t\t\t\t\t\t\t<div class=\"elementor-element elementor-element-355e8d4 elementor-position-top elementor-widget elementor-widget-image-box\" data-id=\"355e8d4\" data-element_type=\"widget\" data-widget_type=\"image-box.default\">\n\t\t\t\t<div class=\"elementor-widget-container\">\n\t\t\t<div class=\"elementor-image-box-wrapper\"><figure class=\"elementor-image-box-img\"><img loading=\"lazy\" decoding=\"async\" width=\"800\" height=\"600\" src=\"https:\/\/eviz.host25.com\/wp-content\/uploads\/2023\/08\/3-1.jpg\" class=\"attachment-full size-full wp-image-1229\" alt=\"Servis na terenu - popravak upravlja\u010dkog tipkala dizalice\" srcset=\"https:\/\/eviz.host25.com\/wp-content\/uploads\/2023\/08\/3-1.jpg 800w, https:\/\/eviz.host25.com\/wp-content\/uploads\/2023\/08\/3-1-300x225.jpg 300w, https:\/\/eviz.host25.com\/wp-content\/uploads\/2023\/08\/3-1-768x576.jpg 768w\" sizes=\"auto, (max-width: 800px) 100vw, 800px\" \/><\/figure><div class=\"elementor-image-box-content\"><p class=\"elementor-image-box-description\">Servis na terenu - popravak upravlja\u010dkog tipkala dizalice<\/p><\/div><\/div>\t\t<\/div>\n\t\t\t\t<\/div>\n\t\t\t\t\t<\/div>\n\t\t<\/div>\n\t\t\t\t\t\t\t<\/div>\n\t\t<\/section>\n\t\t\t\t\t<\/div>\n\t\t<\/div>\n\t\t\t\t\t\t\t<\/div>\n\t\t<\/section>\n\t\t\t\t\t\t\t<\/div>\n\t\t","protected":false},"excerpt":{"rendered":"<p>Servis Dodatne usluge Servisi i rezervni dijelovi U\u010destalost servisiranja strojeva i ure\u0111aja ovisi o mnogim \u010dimbenicima: vrsti i kvaliteti opreme, na\u010dinu i uvjetima kori\u0161tenja, obu\u010denosti rukovaoca, kvaliteti preventivnog i redovnog odr\u017eavanja, kvaliteti i dostupnosti zamjenskih dijelova i o dosta drugih faktora. Evidentno je da oprema istog proizvo\u0111a\u010da i iste kvalitete vr\u0161i svoju funkciju du\u017ee i &hellip;<\/p>\n<p class=\"read-more\"> <a class=\"\" href=\"https:\/\/eviz.host25.com\/index.php\/servis\/\"> <span class=\"screen-reader-text\">SERVIS<\/span> Read More \u00bb<\/a><\/p>\n","protected":false},"author":1,"featured_media":0,"parent":0,"menu_order":0,"comment_status":"closed","ping_status":"closed","template":"","meta":{"_uag_custom_page_level_css":"","site-sidebar-layout":"no-sidebar","site-content-layout":"page-builder","ast-global-header-display":"","ast-banner-title-visibility":"","ast-main-header-display":"","ast-hfb-above-header-display":"","ast-hfb-below-header-display":"","ast-hfb-mobile-header-display":"","site-post-title":"disabled","ast-breadcrumbs-content":"disabled","ast-featured-img":"disabled","footer-sml-layout":"","theme-transparent-header-meta":"enabled","adv-header-id-meta":"","stick-header-meta":"","header-above-stick-meta":"","header-main-stick-meta":"","header-below-stick-meta":"","two_page_speed":[],"footnotes":""},"class_list":["post-15","page","type-page","status-publish","hentry"],"uagb_featured_image_src":{"full":false,"thumbnail":false,"medium":false,"medium_large":false,"large":false,"1536x1536":false,"2048x2048":false,"tenweb_optimizer_mobile":false,"tenweb_optimizer_tablet":false},"uagb_author_info":{"display_name":"admin","author_link":"https:\/\/eviz.host25.com\/index.php\/author\/adminmarina\/"},"uagb_comment_info":0,"uagb_excerpt":"Servis Dodatne usluge Servisi i rezervni dijelovi U\u010destalost servisiranja strojeva i ure\u0111aja ovisi o mnogim \u010dimbenicima: vrsti i kvaliteti opreme, na\u010dinu i uvjetima kori\u0161tenja, obu\u010denosti rukovaoca, kvaliteti preventivnog i redovnog odr\u017eavanja, kvaliteti i dostupnosti zamjenskih dijelova i o dosta drugih faktora. Evidentno je da oprema istog proizvo\u0111a\u010da i iste kvalitete vr\u0161i svoju funkciju du\u017ee i&hellip;","_links":{"self":[{"href":"https:\/\/eviz.host25.com\/index.php\/wp-json\/wp\/v2\/pages\/15","targetHints":{"allow":["GET"]}}],"collection":[{"href":"https:\/\/eviz.host25.com\/index.php\/wp-json\/wp\/v2\/pages"}],"about":[{"href":"https:\/\/eviz.host25.com\/index.php\/wp-json\/wp\/v2\/types\/page"}],"author":[{"embeddable":true,"href":"https:\/\/eviz.host25.com\/index.php\/wp-json\/wp\/v2\/users\/1"}],"replies":[{"embeddable":true,"href":"https:\/\/eviz.host25.com\/index.php\/wp-json\/wp\/v2\/comments?post=15"}],"version-history":[{"count":35,"href":"https:\/\/eviz.host25.com\/index.php\/wp-json\/wp\/v2\/pages\/15\/revisions"}],"predecessor-version":[{"id":1283,"href":"https:\/\/eviz.host25.com\/index.php\/wp-json\/wp\/v2\/pages\/15\/revisions\/1283"}],"wp:attachment":[{"href":"https:\/\/eviz.host25.com\/index.php\/wp-json\/wp\/v2\/media?parent=15"}],"curies":[{"name":"wp","href":"https:\/\/api.w.org\/{rel}","templated":true}]}}